{"id":747,"date":"2023-06-06T13:26:03","date_gmt":"2023-06-06T13:26:03","guid":{"rendered":"https:\/\/bpvaccountants.nl\/?page_id=747"},"modified":"2024-01-04T09:31:46","modified_gmt":"2024-01-04T09:31:46","slug":"steuer-und-finanzberatung","status":"publish","type":"page","link":"https:\/\/bpvaccountants.nl\/de\/dienstleistungen\/steuer-und-finanzberatung\/","title":{"rendered":"Steuer- und Finanzberatung"},"content":{"rendered":"<section class=\"l-section wpb_row us_custom_158f12e3 mc--service-detail-intro height_auto with_img\"><div class=\"l-section-img\" role=\"img\" aria-label=\"Bild\" data-img-width=\"\" data-img-height=\"\" style=\"background-image: url(https:\/\/bpvaccountants.nl\/wp-content\/uploads\/2023\/06\/stijlelement-5.svg);background-position: top left;background-repeat: no-repeat;\"><\/div><div class=\"l-section-h i-cf\"><div class=\"g-cols vc_row via_grid cols_2-1 laptops-cols_inherit tablets-cols_inherit mobiles-cols_1 valign_bottom type_default stacking_default\"><div class=\"wpb_column vc_column_container\"><div class=\"vc_column-inner\"><\/div><\/div><div class=\"wpb_column vc_column_container stretched\"><div class=\"vc_column-inner\"><div class=\"w-post-elm post_image us_custom_3b93c518 mc--detail-page-img has_ratio\"><img loading=\"lazy\" decoding=\"async\" width=\"1024\" height=\"683\" src=\"https:\/\/bpvaccountants.nl\/wp-content\/uploads\/2023\/12\/BPV_Roermond-web-10-1024x683.jpg\" class=\"attachment-large size-large wp-post-image\" alt=\"\" \/><div style=\"padding-bottom:50%\"><\/div><\/div><\/div><\/div><\/div><\/div><\/section><section class=\"l-section wpb_row us_custom_158f12e3 height_auto\"><div class=\"l-section-h i-cf\"><div class=\"g-cols vc_row via_grid cols_5-1 laptops-cols_inherit tablets-cols_inherit mobiles-cols_1 valign_top type_default stacking_default\"><div class=\"wpb_column vc_column_container mc--purple-background-title stretched\"><div class=\"vc_column-overlay\" style=\"background:#3b1a44\"><\/div><div class=\"vc_column-inner\"><h1 class=\"w-post-elm post_title us_custom_6df4bc3a has_text_color entry-title color_link_inherit\">Steuer- und Finanzberatung<\/h1><\/div><\/div><div class=\"wpb_column vc_column_container\"><div class=\"vc_column-inner\"><\/div><\/div><\/div><\/div><\/section><section class=\"l-section wpb_row us_custom_158f12e3 height_auto\"><div class=\"l-section-h i-cf\"><div class=\"g-cols vc_row via_grid cols_custom laptops-cols_inherit tablets-cols_inherit mobiles-cols_1 valign_top type_default stacking_default\" style=\"--custom-columns:0.5fr 5fr 0.5fr \"><div class=\"wpb_column vc_column_container\"><div class=\"vc_column-inner\"><\/div><\/div><div class=\"wpb_column vc_column_container\"><div class=\"vc_column-inner\"><div class=\"wpb_text_column mc--bigger-intro-text\"><div class=\"wpb_wrapper\"><p>BPV bietet individuelle Steuer- und Finanzberatung, um optimale L\u00f6sungen f\u00fcr Sie, Ihr Unternehmen und Ihre Besch\u00e4ftigten zu finden. Wir verschaffen Ihnen eindeutige Erkenntnisse \u00fcber Ihre aktuelle und zuk\u00fcnftige Steuer- und Finanzlage. Diese Erkenntnisse bieten Ihnen die M\u00f6glichkeit, angemessen auf aktuelle Ereignisse zu reagieren, auch wenn sich pl\u00f6tzlich Ver\u00e4nderungen ergeben.<\/p>\n<\/div><\/div><div class=\"w-separator size_medium\"><\/div><\/div><\/div><div class=\"wpb_column vc_column_container\"><div class=\"vc_column-inner\"><\/div><\/div><\/div><\/div><\/section><section class=\"l-section wpb_row height_medium\"><div class=\"l-section-h i-cf\"><div class=\"g-cols vc_row via_grid cols_custom laptops-cols_inherit tablets-cols_inherit mobiles-cols_1 valign_top type_default stacking_default\" style=\"--custom-columns:0.5fr 5fr 0.5fr \"><div class=\"wpb_column vc_column_container\"><div class=\"vc_column-inner\"><\/div><\/div><div class=\"wpb_column vc_column_container\"><div class=\"vc_column-inner\"><div class=\"wpb_text_column\"><div class=\"wpb_wrapper\"><h2>Unsere T\u00e4tigkeiten<\/h2>\n<\/div><\/div><div class=\"w-separator size_medium\"><\/div><div class=\"w-tabs mc--accordeon style_default switch_click accordion has_scrolling\" style=\"--sections-title-size:inherit\"><div class=\"w-tabs-sections titles-align_none icon_chevron cpos_right\"><div class=\"w-tabs-section\" id=\"n85c\"><button class=\"w-tabs-section-header with_icon\" aria-controls=\"content-n85c\" aria-expanded=\"false\"><i class=\"fal fa-users\"><\/i><div class=\"w-tabs-section-title\">Steuerberatung<\/div><div class=\"w-tabs-section-control\"><\/div><\/button><div  class=\"w-tabs-section-content us_custom_34f8fa3d\" id=\"content-n85c\"><div class=\"w-tabs-section-content-h i-cf\"><div class=\"wpb_text_column\"><div class=\"wpb_wrapper\"><p>Als Unternehmer sind Sie selbstverst\u00e4ndlich bestrebt, sich an alle Vorschriften zu halten und zugleich steuerliche Vorteile zu nutzen. Unsere Steuerberater sorgen daf\u00fcr, dass Sie immer \u00fcber Ihren n\u00e4chsten Schritt informiert sind. Steuern machen einen wesentlichen Teil Ihrer Unternehmensausgaben aus. Unsere erfahrenen Steuerberater sind mit dem komplexen Steuersystem vertraut und kennen alle Gesetzes- und Regel\u00e4nderungen.<\/p>\n<\/div><\/div><\/div><\/div><\/div><div class=\"w-tabs-section\" id=\"b92e\"><button class=\"w-tabs-section-header with_icon\" aria-controls=\"content-b92e\" aria-expanded=\"false\"><i class=\"fal fa-briefcase\"><\/i><div class=\"w-tabs-section-title\">Internationale Steuerberatung<\/div><div class=\"w-tabs-section-control\"><\/div><\/button><div  class=\"w-tabs-section-content\" id=\"content-b92e\"><div class=\"w-tabs-section-content-h i-cf\"><div class=\"wpb_text_column\"><div class=\"wpb_wrapper\"><p>Wenn Sie im Ausland unternehmerisch t\u00e4tig sind, gelten f\u00fcr Sie die Steuervorschriften mehrerer L\u00e4nder. Unsere Steuerberater unterst\u00fctzen Sie bei allen Ihren grenz\u00fcbergreifenden Steuerangelegenheiten von Steuerverbindlichkeiten bis hin zu Umsatzsteuerabwicklung und Lohnbuchhaltung. So k\u00f6nnen Sie sich auf Ihre Betriebsf\u00fchrung konzentrieren, w\u00e4hrend wir uns um die komplexen internationalen Steuerfragen k\u00fcmmern.<\/p>\n<\/div><\/div><\/div><\/div><\/div><div class=\"w-tabs-section\" id=\"i9e5\"><button class=\"w-tabs-section-header with_icon\" aria-controls=\"content-i9e5\" aria-expanded=\"false\"><i class=\"fal fa-shield-check\"><\/i><div class=\"w-tabs-section-title\">Nachfolge- und Finanzplanung<\/div><div class=\"w-tabs-section-control\"><\/div><\/button><div  class=\"w-tabs-section-content\" id=\"content-i9e5\"><div class=\"w-tabs-section-content-h i-cf\"><div class=\"wpb_text_column\"><div class=\"wpb_wrapper\"><p>Haben Sie sich um Ihre Altersvorsorge gek\u00fcmmert? Was geschieht mit Ihrem Verm\u00f6gen nach Ihrem Tod? Mit unserer Finanzplanung erfahren Sie, welche Chancen sich Ihnen jetzt und in Zukunft bieten.<\/p>\n<\/div><\/div><\/div><\/div><\/div><div class=\"w-tabs-section\" id=\"iad8\"><button class=\"w-tabs-section-header with_icon\" aria-controls=\"content-iad8\" aria-expanded=\"false\"><i class=\"fal fa-users\"><\/i><div class=\"w-tabs-section-title\">Unternehmensstruktur und Umstrukturierung<\/div><div class=\"w-tabs-section-control\"><\/div><\/button><div  class=\"w-tabs-section-content\" id=\"content-iad8\"><div class=\"w-tabs-section-content-h i-cf\"><div class=\"wpb_text_column\"><div class=\"wpb_wrapper\"><p>Wir informieren Sie nicht nur \u00fcber die Zahlen Ihres Unternehmens und beraten Sie zu Ihrer Zukunft, sondern beraten Sie auch bei einer Umstrukturierung Ihres Unternehmens. Unsere erfahrenen Berater kennen sich mit Unternehmensstrukturen aus und unterst\u00fctzen Sie gerne bei einem derart komplexen Prozess.<\/p>\n<\/div><\/div><\/div><\/div><\/div><div class=\"w-tabs-section\" id=\"ybc8\"><button class=\"w-tabs-section-header with_icon\" aria-controls=\"content-ybc8\" aria-expanded=\"false\"><i class=\"fal fa-check-circle\"><\/i><div class=\"w-tabs-section-title\">Horizontale Kontrolle<\/div><div class=\"w-tabs-section-control\"><\/div><\/button><div  class=\"w-tabs-section-content\" id=\"content-ybc8\"><div class=\"w-tabs-section-content-h i-cf\"><div class=\"wpb_text_column\"><div class=\"wpb_wrapper\"><p>Bei der horizontalen Kontrolle wird die nachtr\u00e4gliche Aufsichtst\u00e4tigkeit durch eine vorhergehende Absprache zwischen dem Finanzamt und Ihnen als Steuerpflichtigem ersetzt. Als Partner f\u00fcr horizontale Kontrolle hat BPV eine Vereinbarung mit dem Finanzamt unterzeichnet, bei der sich das Finanzamt auf die Qualit\u00e4t der von BPV erstellten Erkl\u00e4rungen verl\u00e4sst. Diese Vereinbarung beinhaltet, dass die Erkl\u00e4rungen, die BPV beim Finanzamt einreicht, eine entsprechende Qualit\u00e4t besitzen und eine eingehende Pr\u00fcfung \u00fcberfl\u00fcssig machen.<\/p>\n<\/div><\/div><\/div><\/div><\/div><\/div><\/div><\/div><\/div><div class=\"wpb_column vc_column_container\"><div class=\"vc_column-inner\"><\/div><\/div><\/div><\/div><\/section><section class=\"l-section wpb_row height_large\"><div class=\"l-section-overlay\" style=\"background:#3b465c\"><\/div><div class=\"l-section-h i-cf\"><div class=\"g-cols vc_row via_grid cols_2 laptops-cols_inherit tablets-cols_inherit mobiles-cols_1 valign_middle type_default stacking_default\"><div class=\"wpb_column vc_column_container\"><div class=\"vc_column-inner\"><div class=\"wpb_text_column us_custom_6df4bc3a has_text_color\"><div class=\"wpb_wrapper\"><h2>Gemeinsam die M\u00f6glichkeiten entdecken?<\/h2>\n<\/div><\/div><div class=\"wpb_text_column us_custom_6df4bc3a has_text_color\"><div class=\"wpb_wrapper\"><p>Bei BPV Accountants glauben wir an Zusammenarbeit und die Entdeckung neuer M\u00f6glichkeiten. Wir m\u00f6chten mit Ihnen die M\u00f6glichkeiten erkunden und Ihre finanzielle Zukunft gestalten. Ob es um Buchhaltung, Steuerberatung oder Verwaltungsdienstleistungen geht.<\/p>\n<p>M\u00f6chten Sie erfahren, wie wir Ihr Unternehmen zu neuen H\u00f6hen f\u00fchren k\u00f6nnen? Kontaktiere uns heute. Gerne beantworten wir Ihre Fragen und vereinbaren einen Beratungstermin. Wir sehen einfach mehr und das bedeutet mehr M\u00f6glichkeiten f\u00fcr Sie.<\/p>\n<\/div><\/div><div class=\"w-btn-wrapper align_none\"><a class=\"w-btn us-btn-style_13\" href=\"\/de\/kontakt\"><span class=\"w-btn-label\">Bitte kontaktieren Sie uns<\/span><\/a><\/div><\/div><\/div><div class=\"wpb_column vc_column_container stretched\"><div class=\"vc_column-inner\"><div class=\"w-image us_custom_deae351a has_ratio align_none\"><div class=\"w-image-h\"><div style=\"padding-bottom:68.75%\"><\/div><img decoding=\"async\" width=\"1024\" height=\"683\" src=\"https:\/\/bpvaccountants.nl\/wp-content\/uploads\/2023\/12\/BPV_Geleen-web-12-1024x683.jpg\" class=\"attachment-large size-large\" alt=\"\" loading=\"lazy\" \/><\/div><\/div><div class=\"w-image us_custom_24e2cc6a align_none\"><div class=\"w-image-h\"><img decoding=\"async\" width=\"1024\" height=\"1024\" src=\"https:\/\/bpvaccountants.nl\/wp-content\/uploads\/2023\/06\/stijlelement-2.svg\" class=\"attachment-large size-large\" alt=\"\" loading=\"lazy\" \/><\/div><\/div><\/div><\/div><\/div><\/div><\/section>\n<section class=\"l-section wpb_row us_custom_158f12e3 height_medium\"><div class=\"l-section-h i-cf\"><div class=\"g-cols vc_row via_grid cols_1 laptops-cols_inherit tablets-cols_inherit mobiles-cols_1 valign_top type_default stacking_default\"><div class=\"wpb_column vc_column_container\"><div class=\"vc_column-inner\"><div class=\"wpb_text_column\"><div class=\"wpb_wrapper\"><h2>Andere Dienstleistungen<\/h2>\n<\/div><\/div><div class=\"w-separator size_medium\"><\/div><div class=\"w-grid us_grid type_grid layout_109 cols_2 preload_style_spinner\" id=\"us_grid_1\" style=\"--columns:2;--gap:1.5rem;\"><style>@media (max-width:576px){#us_grid_1{--columns:1!important}}.layout_109 .w-grid-item-h{}.layout_109 .usg_post_image_1{transition-duration:0.3s;transform-origin:50% 50%;transform:scale(1) translate(0%,0%)}.layout_109 .w-grid-item-h:focus-within .usg_post_image_1,.layout_109 .w-grid-item-h:hover .usg_post_image_1{transform:scale(1.1) translate(5%,0%);opacity:1}.layout_109 .usg_vwrapper_1{transition-duration:0.3s;transform-origin:50% 50%;transform:scale(1) translate(0%,0%)}.layout_109 .w-grid-item-h:focus-within .usg_vwrapper_1,.layout_109 .w-grid-item-h:hover .usg_vwrapper_1{transform:scale(1) translate(0%,5%);opacity:1}.layout_109 .usg_post_image_1{width:75%!important;border-radius:24px!important;position:relative!important;z-index:10!important;background:#1ddabd!important}.layout_109 .usg_post_title_1{color:#1a2c5b!important;font-size:1.5rem!important;line-height:1.5!important;font-weight:700!important}.layout_109 .usg_vwrapper_1{margin-left:10%!important;border-radius:24px!important;position:relative!important;top:-5%!important;z-index:5!important;background:#ffffff!important;padding:14% 11% 11% 11%!important}.layout_109 .usg_post_content_1{color:#1a2c5b!important}.layout_109 .usg_btn_1{text-align:left!important}@media (max-width:576px){.layout_109 .usg_post_title_1{font-size:1.2rem!important}}<\/style><div class=\"w-grid-list\">\t<article class=\"w-grid-item size_1x1 post-744 page type-page status-publish has-post-thumbnail hentry\" data-id=\"744\">\r\n\t\t<div class=\"w-grid-item-h\">\r\n\t\t\t\t\t\t<div class=\"w-post-elm post_image usg_post_image_1 has_width has_ratio\"><a href=\"https:\/\/bpvaccountants.nl\/de\/dienstleistungen\/pruefung-und-sicherung\/\" aria-label=\"Pr\u00fcfung und Sicherung\"><img loading=\"lazy\" decoding=\"async\" width=\"1024\" height=\"683\" src=\"https:\/\/bpvaccountants.nl\/wp-content\/uploads\/2023\/12\/BPV_Roermond-web-8-1024x683.jpg\" class=\"attachment-large size-large wp-post-image\" alt=\"\" \/><\/a><div style=\"padding-bottom:56.25%\"><\/div><\/div><div class=\"w-vwrapper usg_vwrapper_1 align_none valign_top\"><h2 class=\"w-post-elm post_title usg_post_title_1 has_text_color entry-title color_link_inherit\"><a href=\"https:\/\/bpvaccountants.nl\/de\/dienstleistungen\/pruefung-und-sicherung\/\">Pr\u00fcfung und Sicherung<\/a><\/h2><div class=\"w-post-elm post_content usg_post_content_1 has_text_color\">Unser Pr\u00fcfungs- und Sicherungsservice bietet Ihnen zuverl\u00e4ssige gesetzliche und freiwillige Jahresabschlusspr\u00fcfungen sowie weitere Sicherungsdienstleistungen f\u00fcr gro\u00dfe und mittelgro\u00dfe KMU. Unsere&hellip;<\/div><a class=\"w-btn us-btn-style_10 usg_btn_1 mc--grid-read-more\" href=\"https:\/\/bpvaccountants.nl\/de\/dienstleistungen\/pruefung-und-sicherung\/\"><span class=\"w-btn-label\">Bekijk de mogelijkheden<\/span><\/a><\/div>\t\t<\/div>\r\n\t\t\t<\/article>\r\n\t<article class=\"w-grid-item size_1x1 post-741 page type-page status-publish has-post-thumbnail hentry\" data-id=\"741\">\r\n\t\t<div class=\"w-grid-item-h\">\r\n\t\t\t\t\t\t<div class=\"w-post-elm post_image usg_post_image_1 has_width has_ratio\"><a href=\"https:\/\/bpvaccountants.nl\/de\/dienstleistungen\/wirtschaftspruefung\/\" aria-label=\"Wirtschaftspr\u00fcfung\"><img loading=\"lazy\" decoding=\"async\" width=\"1024\" height=\"683\" src=\"https:\/\/bpvaccountants.nl\/wp-content\/uploads\/2023\/12\/BPV_Roermond-web-5-1024x683.jpg\" class=\"attachment-large size-large wp-post-image\" alt=\"\" \/><\/a><div style=\"padding-bottom:56.25%\"><\/div><\/div><div class=\"w-vwrapper usg_vwrapper_1 align_none valign_top\"><h2 class=\"w-post-elm post_title usg_post_title_1 has_text_color entry-title color_link_inherit\"><a href=\"https:\/\/bpvaccountants.nl\/de\/dienstleistungen\/wirtschaftspruefung\/\">Wirtschaftspr\u00fcfung<\/a><\/h2><div class=\"w-post-elm post_content usg_post_content_1 has_text_color\">BPV Accountants ist sich bewusst, dass Wirtschaftspr\u00fcfung aus mehr als nur Zahlen besteht. Wir k\u00fcmmern uns nicht nur um Ihre&hellip;<\/div><a class=\"w-btn us-btn-style_10 usg_btn_1 mc--grid-read-more\" href=\"https:\/\/bpvaccountants.nl\/de\/dienstleistungen\/wirtschaftspruefung\/\"><span class=\"w-btn-label\">Bekijk de mogelijkheden<\/span><\/a><\/div>\t\t<\/div>\r\n\t\t\t<\/article>\r\n<\/div>\t<div class=\"w-grid-preloader\">\r\n\t\t<div class=\"g-preloader type_1\">\r\n\t\t\t<div><\/div>\r\n\t\t<\/div>\r\n\t<\/div>\r\n\t\t<div class=\"w-grid-json hidden\" onclick='return {&quot;action&quot;:&quot;us_ajax_grid&quot;,&quot;infinite_scroll&quot;:0,&quot;max_num_pages&quot;:1,&quot;pagination&quot;:&quot;none&quot;,&quot;template_vars&quot;:{&quot;columns&quot;:&quot;2&quot;,&quot;exclude_items&quot;:&quot;none&quot;,&quot;img_size&quot;:&quot;default&quot;,&quot;ignore_items_size&quot;:0,&quot;items_layout&quot;:&quot;109&quot;,&quot;items_offset&quot;:&quot;1&quot;,&quot;load_animation&quot;:&quot;none&quot;,&quot;overriding_link&quot;:&quot;{\\&quot;url\\&quot;:\\&quot;\\&quot;}&quot;,&quot;post_id&quot;:0,&quot;query_args&quot;:{&quot;ignore_sticky_posts&quot;:1,&quot;post_type&quot;:&quot;any&quot;,&quot;post__in&quot;:[&quot;41&quot;,&quot;39&quot;],&quot;posts_per_page&quot;:&quot;10&quot;},&quot;orderby_query_args&quot;:{&quot;orderby&quot;:{&quot;post__in&quot;:&quot;ASC&quot;},&quot;order&quot;:&quot;ASC&quot;},&quot;type&quot;:&quot;grid&quot;,&quot;us_grid_post_type&quot;:&quot;ids&quot;,&quot;us_grid_ajax_index&quot;:1,&quot;us_grid_filter_query_string&quot;:null,&quot;us_grid_index&quot;:1,&quot;page_args&quot;:[],&quot;lang&quot;:&quot;de&quot;}}'><\/div>\r\n\t<\/div><\/div><\/div><\/div><\/div><\/section>\n","protected":false},"excerpt":{"rendered":"Wirtschaftspr\u00fcfungBPV Accountants ist sich bewusst, dass Wirtschaftspr\u00fcfung aus mehr als nur Zahlen besteht. Wir k\u00fcmmern uns nicht nur um Ihre Finanzbuchhaltung, sondern analysieren auch die Chancen, die sich Ihrem Unternehmen bieten. Wir beraten Sie bei der Gestaltung Ihrer Buchhaltung, um auf effiziente Weise Jahreszahlen und zukunftsorientierte Daten zu erhalten. Unsere T\u00e4tigkeiten FinanzbuchhaltungDie Buchhaltung bildet die...","protected":false},"author":1,"featured_media":546,"parent":739,"menu_order":0,"comment_status":"closed","ping_status":"closed","template":"","meta":{"_acf_changed":false,"footnotes":""},"class_list":["post-747","page","type-page","status-publish","has-post-thumbnail","hentry"],"acf":[],"yoast_head":"<!-- This site is optimized with the Yoast SEO plugin v27.1.1 - https:\/\/yoast.com\/product\/yoast-seo-wordpress\/ -->\n<title>Steuer- und Finanzberatung - BPV<\/title>\n<meta name=\"robots\" content=\"index, follow, max-snippet:-1, max-image-preview:large, max-video-preview:-1\" \/>\n<link rel=\"canonical\" href=\"https:\/\/bpvaccountants.nl\/de\/dienstleistungen\/steuer-und-finanzberatung\/\" \/>\n<meta property=\"og:locale\" content=\"de_DE\" \/>\n<meta property=\"og:type\" content=\"article\" \/>\n<meta property=\"og:title\" content=\"Steuer- und Finanzberatung - BPV\" \/>\n<meta property=\"og:url\" content=\"https:\/\/bpvaccountants.nl\/de\/dienstleistungen\/steuer-und-finanzberatung\/\" \/>\n<meta property=\"og:site_name\" content=\"BPV\" \/>\n<meta property=\"article:modified_time\" content=\"2024-01-04T09:31:46+00:00\" \/>\n<meta property=\"og:image\" content=\"https:\/\/bpvaccountants.nl\/wp-content\/uploads\/2023\/12\/BPV_Roermond-web-10.jpg\" \/>\n\t<meta property=\"og:image:width\" content=\"2200\" \/>\n\t<meta property=\"og:image:height\" content=\"1467\" \/>\n\t<meta property=\"og:image:type\" content=\"image\/jpeg\" \/>\n<meta name=\"twitter:card\" content=\"summary_large_image\" \/>\n<meta name=\"twitter:label1\" content=\"Gesch\u00e4tzte Lesezeit\" \/>\n\t<meta name=\"twitter:data1\" content=\"2\u00a0Minuten\" \/>\n<script type=\"application\/ld+json\" class=\"yoast-schema-graph\">{\"@context\":\"https:\/\/schema.org\",\"@graph\":[{\"@type\":\"WebPage\",\"@id\":\"https:\/\/bpvaccountants.nl\/de\/dienstleistungen\/steuer-und-finanzberatung\/\",\"url\":\"https:\/\/bpvaccountants.nl\/de\/dienstleistungen\/steuer-und-finanzberatung\/\",\"name\":\"Steuer- und Finanzberatung - BPV\",\"isPartOf\":{\"@id\":\"https:\/\/bpvaccountants.nl\/de\/#website\"},\"primaryImageOfPage\":{\"@id\":\"https:\/\/bpvaccountants.nl\/de\/dienstleistungen\/steuer-und-finanzberatung\/#primaryimage\"},\"image\":{\"@id\":\"https:\/\/bpvaccountants.nl\/de\/dienstleistungen\/steuer-und-finanzberatung\/#primaryimage\"},\"thumbnailUrl\":\"https:\/\/bpvaccountants.nl\/wp-content\/uploads\/2023\/12\/BPV_Roermond-web-10.jpg\",\"datePublished\":\"2023-06-06T13:26:03+00:00\",\"dateModified\":\"2024-01-04T09:31:46+00:00\",\"breadcrumb\":{\"@id\":\"https:\/\/bpvaccountants.nl\/de\/dienstleistungen\/steuer-und-finanzberatung\/#breadcrumb\"},\"inLanguage\":\"de\",\"potentialAction\":[{\"@type\":\"ReadAction\",\"target\":[\"https:\/\/bpvaccountants.nl\/de\/dienstleistungen\/steuer-und-finanzberatung\/\"]}]},{\"@type\":\"ImageObject\",\"inLanguage\":\"de\",\"@id\":\"https:\/\/bpvaccountants.nl\/de\/dienstleistungen\/steuer-und-finanzberatung\/#primaryimage\",\"url\":\"https:\/\/bpvaccountants.nl\/wp-content\/uploads\/2023\/12\/BPV_Roermond-web-10.jpg\",\"contentUrl\":\"https:\/\/bpvaccountants.nl\/wp-content\/uploads\/2023\/12\/BPV_Roermond-web-10.jpg\",\"width\":2200,\"height\":1467},{\"@type\":\"BreadcrumbList\",\"@id\":\"https:\/\/bpvaccountants.nl\/de\/dienstleistungen\/steuer-und-finanzberatung\/#breadcrumb\",\"itemListElement\":[{\"@type\":\"ListItem\",\"position\":1,\"name\":\"Home\",\"item\":\"https:\/\/bpvaccountants.nl\/de\/\"},{\"@type\":\"ListItem\",\"position\":2,\"name\":\"Dienstleistungen\",\"item\":\"https:\/\/bpvaccountants.nl\/de\/dienstleistungen\/\"},{\"@type\":\"ListItem\",\"position\":3,\"name\":\"Steuer- und Finanzberatung\"}]},{\"@type\":\"WebSite\",\"@id\":\"https:\/\/bpvaccountants.nl\/de\/#website\",\"url\":\"https:\/\/bpvaccountants.nl\/de\/\",\"name\":\"BPV\",\"description\":\"Wij zien gewoon meer\",\"potentialAction\":[{\"@type\":\"SearchAction\",\"target\":{\"@type\":\"EntryPoint\",\"urlTemplate\":\"https:\/\/bpvaccountants.nl\/de\/?s={search_term_string}\"},\"query-input\":{\"@type\":\"PropertyValueSpecification\",\"valueRequired\":true,\"valueName\":\"search_term_string\"}}],\"inLanguage\":\"de\"}]}<\/script>\n<!-- \/ Yoast SEO plugin. -->","yoast_head_json":{"title":"Steuer- und Finanzberatung - BPV","robots":{"index":"index","follow":"follow","max-snippet":"max-snippet:-1","max-image-preview":"max-image-preview:large","max-video-preview":"max-video-preview:-1"},"canonical":"https:\/\/bpvaccountants.nl\/de\/dienstleistungen\/steuer-und-finanzberatung\/","og_locale":"de_DE","og_type":"article","og_title":"Steuer- und Finanzberatung - BPV","og_url":"https:\/\/bpvaccountants.nl\/de\/dienstleistungen\/steuer-und-finanzberatung\/","og_site_name":"BPV","article_modified_time":"2024-01-04T09:31:46+00:00","og_image":[{"width":2200,"height":1467,"url":"https:\/\/bpvaccountants.nl\/wp-content\/uploads\/2023\/12\/BPV_Roermond-web-10.jpg","type":"image\/jpeg"}],"twitter_card":"summary_large_image","twitter_misc":{"Gesch\u00e4tzte Lesezeit":"2\u00a0Minuten"},"schema":{"@context":"https:\/\/schema.org","@graph":[{"@type":"WebPage","@id":"https:\/\/bpvaccountants.nl\/de\/dienstleistungen\/steuer-und-finanzberatung\/","url":"https:\/\/bpvaccountants.nl\/de\/dienstleistungen\/steuer-und-finanzberatung\/","name":"Steuer- und Finanzberatung - BPV","isPartOf":{"@id":"https:\/\/bpvaccountants.nl\/de\/#website"},"primaryImageOfPage":{"@id":"https:\/\/bpvaccountants.nl\/de\/dienstleistungen\/steuer-und-finanzberatung\/#primaryimage"},"image":{"@id":"https:\/\/bpvaccountants.nl\/de\/dienstleistungen\/steuer-und-finanzberatung\/#primaryimage"},"thumbnailUrl":"https:\/\/bpvaccountants.nl\/wp-content\/uploads\/2023\/12\/BPV_Roermond-web-10.jpg","datePublished":"2023-06-06T13:26:03+00:00","dateModified":"2024-01-04T09:31:46+00:00","breadcrumb":{"@id":"https:\/\/bpvaccountants.nl\/de\/dienstleistungen\/steuer-und-finanzberatung\/#breadcrumb"},"inLanguage":"de","potentialAction":[{"@type":"ReadAction","target":["https:\/\/bpvaccountants.nl\/de\/dienstleistungen\/steuer-und-finanzberatung\/"]}]},{"@type":"ImageObject","inLanguage":"de","@id":"https:\/\/bpvaccountants.nl\/de\/dienstleistungen\/steuer-und-finanzberatung\/#primaryimage","url":"https:\/\/bpvaccountants.nl\/wp-content\/uploads\/2023\/12\/BPV_Roermond-web-10.jpg","contentUrl":"https:\/\/bpvaccountants.nl\/wp-content\/uploads\/2023\/12\/BPV_Roermond-web-10.jpg","width":2200,"height":1467},{"@type":"BreadcrumbList","@id":"https:\/\/bpvaccountants.nl\/de\/dienstleistungen\/steuer-und-finanzberatung\/#breadcrumb","itemListElement":[{"@type":"ListItem","position":1,"name":"Home","item":"https:\/\/bpvaccountants.nl\/de\/"},{"@type":"ListItem","position":2,"name":"Dienstleistungen","item":"https:\/\/bpvaccountants.nl\/de\/dienstleistungen\/"},{"@type":"ListItem","position":3,"name":"Steuer- und Finanzberatung"}]},{"@type":"WebSite","@id":"https:\/\/bpvaccountants.nl\/de\/#website","url":"https:\/\/bpvaccountants.nl\/de\/","name":"BPV","description":"Wij zien gewoon meer","potentialAction":[{"@type":"SearchAction","target":{"@type":"EntryPoint","urlTemplate":"https:\/\/bpvaccountants.nl\/de\/?s={search_term_string}"},"query-input":{"@type":"PropertyValueSpecification","valueRequired":true,"valueName":"search_term_string"}}],"inLanguage":"de"}]}},"_links":{"self":[{"href":"https:\/\/bpvaccountants.nl\/de\/wp-json\/wp\/v2\/pages\/747","targetHints":{"allow":["GET"]}}],"collection":[{"href":"https:\/\/bpvaccountants.nl\/de\/wp-json\/wp\/v2\/pages"}],"about":[{"href":"https:\/\/bpvaccountants.nl\/de\/wp-json\/wp\/v2\/types\/page"}],"author":[{"embeddable":true,"href":"https:\/\/bpvaccountants.nl\/de\/wp-json\/wp\/v2\/users\/1"}],"replies":[{"embeddable":true,"href":"https:\/\/bpvaccountants.nl\/de\/wp-json\/wp\/v2\/comments?post=747"}],"version-history":[{"count":1,"href":"https:\/\/bpvaccountants.nl\/de\/wp-json\/wp\/v2\/pages\/747\/revisions"}],"predecessor-version":[{"id":748,"href":"https:\/\/bpvaccountants.nl\/de\/wp-json\/wp\/v2\/pages\/747\/revisions\/748"}],"up":[{"embeddable":true,"href":"https:\/\/bpvaccountants.nl\/de\/wp-json\/wp\/v2\/pages\/739"}],"wp:featuredmedia":[{"embeddable":true,"href":"https:\/\/bpvaccountants.nl\/de\/wp-json\/wp\/v2\/media\/546"}],"wp:attachment":[{"href":"https:\/\/bpvaccountants.nl\/de\/wp-json\/wp\/v2\/media?parent=747"}],"curies":[{"name":"wp","href":"https:\/\/api.w.org\/{rel}","templated":true}]}}