{"id":744,"date":"2023-06-06T13:25:47","date_gmt":"2023-06-06T13:25:47","guid":{"rendered":"https:\/\/bpvaccountants.nl\/?page_id=744"},"modified":"2024-01-04T09:29:36","modified_gmt":"2024-01-04T09:29:36","slug":"pruefung-und-sicherung","status":"publish","type":"page","link":"https:\/\/bpvaccountants.nl\/de\/dienstleistungen\/pruefung-und-sicherung\/","title":{"rendered":"Pr\u00fcfung und Sicherung"},"content":{"rendered":"<section class=\"l-section wpb_row us_custom_158f12e3 mc--service-detail-intro height_auto with_img\"><div class=\"l-section-img\" role=\"img\" aria-label=\"Bild\" data-img-width=\"\" data-img-height=\"\" style=\"background-image: url(https:\/\/bpvaccountants.nl\/wp-content\/uploads\/2023\/06\/stijlelement-5.svg);background-position: top left;background-repeat: no-repeat;\"><\/div><div class=\"l-section-h i-cf\"><div class=\"g-cols vc_row via_grid cols_2-1 laptops-cols_inherit tablets-cols_inherit mobiles-cols_1 valign_bottom type_default stacking_default\"><div class=\"wpb_column vc_column_container\"><div class=\"vc_column-inner\"><\/div><\/div><div class=\"wpb_column vc_column_container stretched\"><div class=\"vc_column-inner\"><div class=\"w-post-elm post_image us_custom_3b93c518 mc--detail-page-img has_ratio\"><img loading=\"lazy\" decoding=\"async\" width=\"1024\" height=\"683\" src=\"https:\/\/bpvaccountants.nl\/wp-content\/uploads\/2023\/12\/BPV_Roermond-web-8-1024x683.jpg\" class=\"attachment-large size-large wp-post-image\" alt=\"\" \/><div style=\"padding-bottom:50%\"><\/div><\/div><\/div><\/div><\/div><\/div><\/section><section class=\"l-section wpb_row us_custom_158f12e3 height_auto\"><div class=\"l-section-h i-cf\"><div class=\"g-cols vc_row via_grid cols_5-1 laptops-cols_inherit tablets-cols_inherit mobiles-cols_1 valign_top type_default stacking_default\"><div class=\"wpb_column vc_column_container mc--purple-background-title stretched\"><div class=\"vc_column-overlay\" style=\"background:#3b1a44\"><\/div><div class=\"vc_column-inner\"><h1 class=\"w-post-elm post_title us_custom_6df4bc3a has_text_color entry-title color_link_inherit\">Pr\u00fcfung und Sicherung<\/h1><\/div><\/div><div class=\"wpb_column vc_column_container\"><div class=\"vc_column-inner\"><\/div><\/div><\/div><\/div><\/section><section class=\"l-section wpb_row us_custom_158f12e3 height_auto\"><div class=\"l-section-h i-cf\"><div class=\"g-cols vc_row via_grid cols_custom laptops-cols_inherit tablets-cols_inherit mobiles-cols_1 valign_top type_default stacking_default\" style=\"--custom-columns:0.5fr 5fr 0.5fr \"><div class=\"wpb_column vc_column_container\"><div class=\"vc_column-inner\"><\/div><\/div><div class=\"wpb_column vc_column_container\"><div class=\"vc_column-inner\"><div class=\"wpb_text_column mc--bigger-intro-text\"><div class=\"wpb_wrapper\"><p>Unser Pr\u00fcfungs- und Sicherungsservice bietet Ihnen zuverl\u00e4ssige gesetzliche und freiwillige Jahresabschlusspr\u00fcfungen sowie weitere Sicherungsdienstleistungen f\u00fcr gro\u00dfe und mittelgro\u00dfe KMU.<\/p>\n<\/div><\/div><div class=\"w-separator size_medium\"><\/div><\/div><\/div><div class=\"wpb_column vc_column_container\"><div class=\"vc_column-inner\"><\/div><\/div><\/div><\/div><\/section><section class=\"l-section wpb_row height_medium\"><div class=\"l-section-h i-cf\"><div class=\"g-cols vc_row via_grid cols_custom laptops-cols_inherit tablets-cols_inherit mobiles-cols_1 valign_top type_default stacking_default\" style=\"--custom-columns:0.5fr 5fr 0.5fr \"><div class=\"wpb_column vc_column_container\"><div class=\"vc_column-inner\"><\/div><\/div><div class=\"wpb_column vc_column_container\"><div class=\"vc_column-inner\"><div class=\"wpb_text_column\"><div class=\"wpb_wrapper\"><h2>Unsere T\u00e4tigkeiten<\/h2>\n<\/div><\/div><div class=\"w-separator size_medium\"><\/div><div class=\"w-tabs mc--accordeon style_default switch_click accordion has_scrolling\" style=\"--sections-title-size:inherit\"><div class=\"w-tabs-sections titles-align_none icon_chevron cpos_right\"><div class=\"w-tabs-section\" id=\"sf1b\"><button class=\"w-tabs-section-header with_icon\" aria-controls=\"content-sf1b\" aria-expanded=\"false\"><i class=\"fal fa-users\"><\/i><div class=\"w-tabs-section-title\">Gesetzlich vorgeschriebene Kontrollen<\/div><div class=\"w-tabs-section-control\"><\/div><\/button><div  class=\"w-tabs-section-content us_custom_34f8fa3d\" id=\"content-sf1b\"><div class=\"w-tabs-section-content-h i-cf\"><div class=\"wpb_text_column\"><div class=\"wpb_wrapper\"><p>Ab einer bestimmten Gr\u00f6\u00dfe sind Unternehmen gesetzlich verpflichtet, ihre Jahresabschl\u00fcsse von einer Wirtschaftspr\u00fcferkanzlei \u00fcberpr\u00fcfen zu lassen. Die Wirtschaftspr\u00fcfer von BPV sind mit den aktuellen Gesetzen und Vorschriften vertraut und umfassend \u00fcber die neuesten Entwicklungen informiert.<\/p>\n<\/div><\/div><\/div><\/div><\/div><div class=\"w-tabs-section\" id=\"mff2\"><button class=\"w-tabs-section-header with_icon\" aria-controls=\"content-mff2\" aria-expanded=\"false\"><i class=\"fal fa-briefcase\"><\/i><div class=\"w-tabs-section-title\">Freiwillige Kontrollen<\/div><div class=\"w-tabs-section-control\"><\/div><\/button><div  class=\"w-tabs-section-content\" id=\"content-mff2\"><div class=\"w-tabs-section-content-h i-cf\"><div class=\"wpb_text_column\"><div class=\"wpb_wrapper\"><p>Mitunter verlangt es der Gesellschaftsvertrag oder der Aufsichtsrat eines Unternehmens, dass der Jahresabschluss von einem Wirtschaftspr\u00fcfer kontrolliert wird. In solchen F\u00e4llen sprechen wir von einer freiwilligen (satzungsm\u00e4\u00dfigen) Kontrolle. BPV bietet Ihnen Unterst\u00fctzung und f\u00fchrt diese Kontrollen so durch, dass sie f\u00fcr alle Beteiligten verst\u00e4ndlich sind.<\/p>\n<\/div><\/div><\/div><\/div><\/div><div class=\"w-tabs-section\" id=\"e0b0\"><button class=\"w-tabs-section-header with_icon\" aria-controls=\"content-e0b0\" aria-expanded=\"false\"><i class=\"fal fa-shield-check\"><\/i><div class=\"w-tabs-section-title\">Beihilfekontrollen<\/div><div class=\"w-tabs-section-control\"><\/div><\/button><div  class=\"w-tabs-section-content\" id=\"content-e0b0\"><div class=\"w-tabs-section-content-h i-cf\"><div class=\"wpb_text_column\"><div class=\"wpb_wrapper\"><p>Oftmals kn\u00fcpfen die Institutionen, die Beihilfen gew\u00e4hren, wie der Staat, EU-Institutionen oder Teilstaaten, Bedingungen an die Beihilfen. Eine Bedingung kann unter anderem sein, dass Sie die Beihilfeabrechnung von einem Wirtschaftspr\u00fcfer kontrollieren lassen m\u00fcssen. Bei einer Beihilfekontrolle untersuchen unsere Wirtschaftspr\u00fcfer unter anderem, ob die Beihilfebetr\u00e4ge rechtm\u00e4\u00dfig und antragsgem\u00e4\u00df verwendet werden.<\/p>\n<\/div><\/div><\/div><\/div><\/div><\/div><\/div><\/div><\/div><div class=\"wpb_column vc_column_container\"><div class=\"vc_column-inner\"><\/div><\/div><\/div><\/div><\/section><section class=\"l-section wpb_row height_large\"><div class=\"l-section-overlay\" style=\"background:#3b465c\"><\/div><div class=\"l-section-h i-cf\"><div class=\"g-cols vc_row via_grid cols_2 laptops-cols_inherit tablets-cols_inherit mobiles-cols_1 valign_middle type_default stacking_default\"><div class=\"wpb_column vc_column_container\"><div class=\"vc_column-inner\"><div class=\"wpb_text_column us_custom_6df4bc3a has_text_color\"><div class=\"wpb_wrapper\"><h2>Gemeinsam die M\u00f6glichkeiten entdecken?<\/h2>\n<\/div><\/div><div class=\"wpb_text_column us_custom_6df4bc3a has_text_color\"><div class=\"wpb_wrapper\"><p>Bei BPV Accountants glauben wir an Zusammenarbeit und die Entdeckung neuer M\u00f6glichkeiten. Wir m\u00f6chten mit Ihnen die M\u00f6glichkeiten erkunden und Ihre finanzielle Zukunft gestalten. Ob es um Buchhaltung, Steuerberatung oder Verwaltungsdienstleistungen geht.<\/p>\n<p>M\u00f6chten Sie erfahren, wie wir Ihr Unternehmen zu neuen H\u00f6hen f\u00fchren k\u00f6nnen? Kontaktiere uns heute. Gerne beantworten wir Ihre Fragen und vereinbaren einen Beratungstermin. Wir sehen einfach mehr und das bedeutet mehr M\u00f6glichkeiten f\u00fcr Sie.<\/p>\n<\/div><\/div><div class=\"w-btn-wrapper align_none\"><a class=\"w-btn us-btn-style_13\" href=\"\/de\/kontakt\"><span class=\"w-btn-label\">Bitte kontaktieren Sie uns<\/span><\/a><\/div><\/div><\/div><div class=\"wpb_column vc_column_container stretched\"><div class=\"vc_column-inner\"><div class=\"w-image us_custom_deae351a has_ratio align_none\"><div class=\"w-image-h\"><div style=\"padding-bottom:68.75%\"><\/div><img decoding=\"async\" width=\"1024\" height=\"683\" src=\"https:\/\/bpvaccountants.nl\/wp-content\/uploads\/2023\/12\/BPV_Geleen-web-12-1024x683.jpg\" class=\"attachment-large size-large\" alt=\"\" loading=\"lazy\" \/><\/div><\/div><div class=\"w-image us_custom_24e2cc6a align_none\"><div class=\"w-image-h\"><img decoding=\"async\" width=\"1024\" height=\"1024\" src=\"https:\/\/bpvaccountants.nl\/wp-content\/uploads\/2023\/06\/stijlelement-2.svg\" class=\"attachment-large size-large\" alt=\"\" loading=\"lazy\" \/><\/div><\/div><\/div><\/div><\/div><\/div><\/section>\n<section class=\"l-section wpb_row us_custom_158f12e3 height_medium\"><div class=\"l-section-h i-cf\"><div class=\"g-cols vc_row via_grid cols_1 laptops-cols_inherit tablets-cols_inherit mobiles-cols_1 valign_top type_default stacking_default\"><div class=\"wpb_column vc_column_container\"><div class=\"vc_column-inner\"><div class=\"wpb_text_column\"><div class=\"wpb_wrapper\"><h2>Andere Dienstleistungen<\/h2>\n<\/div><\/div><div class=\"w-separator size_medium\"><\/div><div class=\"w-grid us_grid type_grid layout_109 cols_2 preload_style_spinner\" id=\"us_grid_1\" style=\"--columns:2;--gap:1.5rem;\"><style>@media (max-width:576px){#us_grid_1{--columns:1!important}}.layout_109 .w-grid-item-h{}.layout_109 .usg_post_image_1{transition-duration:0.3s;transform-origin:50% 50%;transform:scale(1) translate(0%,0%)}.layout_109 .w-grid-item-h:focus-within .usg_post_image_1,.layout_109 .w-grid-item-h:hover .usg_post_image_1{transform:scale(1.1) translate(5%,0%);opacity:1}.layout_109 .usg_vwrapper_1{transition-duration:0.3s;transform-origin:50% 50%;transform:scale(1) translate(0%,0%)}.layout_109 .w-grid-item-h:focus-within .usg_vwrapper_1,.layout_109 .w-grid-item-h:hover .usg_vwrapper_1{transform:scale(1) translate(0%,5%);opacity:1}.layout_109 .usg_post_image_1{width:75%!important;border-radius:24px!important;position:relative!important;z-index:10!important;background:#1ddabd!important}.layout_109 .usg_post_title_1{color:#1a2c5b!important;font-size:1.5rem!important;line-height:1.5!important;font-weight:700!important}.layout_109 .usg_vwrapper_1{margin-left:10%!important;border-radius:24px!important;position:relative!important;top:-5%!important;z-index:5!important;background:#ffffff!important;padding:14% 11% 11% 11%!important}.layout_109 .usg_post_content_1{color:#1a2c5b!important}.layout_109 .usg_btn_1{text-align:left!important}@media (max-width:576px){.layout_109 .usg_post_title_1{font-size:1.2rem!important}}<\/style><div class=\"w-grid-list\">\t<article class=\"w-grid-item size_1x1 post-747 page type-page status-publish has-post-thumbnail hentry\" data-id=\"747\">\r\n\t\t<div class=\"w-grid-item-h\">\r\n\t\t\t\t\t\t<div class=\"w-post-elm post_image usg_post_image_1 has_width has_ratio\"><a href=\"https:\/\/bpvaccountants.nl\/de\/dienstleistungen\/steuer-und-finanzberatung\/\" aria-label=\"Steuer- und Finanzberatung\"><img loading=\"lazy\" decoding=\"async\" width=\"1024\" height=\"683\" src=\"https:\/\/bpvaccountants.nl\/wp-content\/uploads\/2023\/12\/BPV_Roermond-web-10-1024x683.jpg\" class=\"attachment-large size-large wp-post-image\" alt=\"\" \/><\/a><div style=\"padding-bottom:56.25%\"><\/div><\/div><div class=\"w-vwrapper usg_vwrapper_1 align_none valign_top\"><h2 class=\"w-post-elm post_title usg_post_title_1 has_text_color entry-title color_link_inherit\"><a href=\"https:\/\/bpvaccountants.nl\/de\/dienstleistungen\/steuer-und-finanzberatung\/\">Steuer- und Finanzberatung<\/a><\/h2><div class=\"w-post-elm post_content usg_post_content_1 has_text_color\">BPV bietet individuelle Steuer- und Finanzberatung, um optimale L\u00f6sungen f\u00fcr Sie, Ihr Unternehmen und Ihre Besch\u00e4ftigten zu finden. Wir verschaffen&hellip;<\/div><a class=\"w-btn us-btn-style_10 usg_btn_1 mc--grid-read-more\" href=\"https:\/\/bpvaccountants.nl\/de\/dienstleistungen\/steuer-und-finanzberatung\/\"><span class=\"w-btn-label\">Bekijk de mogelijkheden<\/span><\/a><\/div>\t\t<\/div>\r\n\t\t\t<\/article>\r\n\t<article class=\"w-grid-item size_1x1 post-741 page type-page status-publish has-post-thumbnail hentry\" data-id=\"741\">\r\n\t\t<div class=\"w-grid-item-h\">\r\n\t\t\t\t\t\t<div class=\"w-post-elm post_image usg_post_image_1 has_width has_ratio\"><a href=\"https:\/\/bpvaccountants.nl\/de\/dienstleistungen\/wirtschaftspruefung\/\" aria-label=\"Wirtschaftspr\u00fcfung\"><img loading=\"lazy\" decoding=\"async\" width=\"1024\" height=\"683\" src=\"https:\/\/bpvaccountants.nl\/wp-content\/uploads\/2023\/12\/BPV_Roermond-web-5-1024x683.jpg\" class=\"attachment-large size-large wp-post-image\" alt=\"\" \/><\/a><div style=\"padding-bottom:56.25%\"><\/div><\/div><div class=\"w-vwrapper usg_vwrapper_1 align_none valign_top\"><h2 class=\"w-post-elm post_title usg_post_title_1 has_text_color entry-title color_link_inherit\"><a href=\"https:\/\/bpvaccountants.nl\/de\/dienstleistungen\/wirtschaftspruefung\/\">Wirtschaftspr\u00fcfung<\/a><\/h2><div class=\"w-post-elm post_content usg_post_content_1 has_text_color\">BPV Accountants ist sich bewusst, dass Wirtschaftspr\u00fcfung aus mehr als nur Zahlen besteht. Wir k\u00fcmmern uns nicht nur um Ihre&hellip;<\/div><a class=\"w-btn us-btn-style_10 usg_btn_1 mc--grid-read-more\" href=\"https:\/\/bpvaccountants.nl\/de\/dienstleistungen\/wirtschaftspruefung\/\"><span class=\"w-btn-label\">Bekijk de mogelijkheden<\/span><\/a><\/div>\t\t<\/div>\r\n\t\t\t<\/article>\r\n<\/div>\t<div class=\"w-grid-preloader\">\r\n\t\t<div class=\"g-preloader type_1\">\r\n\t\t\t<div><\/div>\r\n\t\t<\/div>\r\n\t<\/div>\r\n\t\t<div class=\"w-grid-json hidden\" onclick='return {&quot;action&quot;:&quot;us_ajax_grid&quot;,&quot;infinite_scroll&quot;:0,&quot;max_num_pages&quot;:1,&quot;pagination&quot;:&quot;none&quot;,&quot;template_vars&quot;:{&quot;columns&quot;:&quot;2&quot;,&quot;exclude_items&quot;:&quot;none&quot;,&quot;img_size&quot;:&quot;default&quot;,&quot;ignore_items_size&quot;:0,&quot;items_layout&quot;:&quot;109&quot;,&quot;items_offset&quot;:&quot;1&quot;,&quot;load_animation&quot;:&quot;none&quot;,&quot;overriding_link&quot;:&quot;{\\&quot;url\\&quot;:\\&quot;\\&quot;}&quot;,&quot;post_id&quot;:0,&quot;query_args&quot;:{&quot;ignore_sticky_posts&quot;:1,&quot;post_type&quot;:&quot;any&quot;,&quot;post__in&quot;:[&quot;43&quot;,&quot;39&quot;],&quot;posts_per_page&quot;:&quot;10&quot;},&quot;orderby_query_args&quot;:{&quot;orderby&quot;:{&quot;post__in&quot;:&quot;ASC&quot;},&quot;order&quot;:&quot;ASC&quot;},&quot;type&quot;:&quot;grid&quot;,&quot;us_grid_post_type&quot;:&quot;ids&quot;,&quot;us_grid_ajax_index&quot;:1,&quot;us_grid_filter_query_string&quot;:null,&quot;us_grid_index&quot;:1,&quot;page_args&quot;:[],&quot;lang&quot;:&quot;de&quot;}}'><\/div>\r\n\t<\/div><\/div><\/div><\/div><\/div><\/section>\n","protected":false},"excerpt":{"rendered":"Wirtschaftspr\u00fcfungBPV Accountants ist sich bewusst, dass Wirtschaftspr\u00fcfung aus mehr als nur Zahlen besteht. Wir k\u00fcmmern uns nicht nur um Ihre Finanzbuchhaltung, sondern analysieren auch die Chancen, die sich Ihrem Unternehmen bieten. Wir beraten Sie bei der Gestaltung Ihrer Buchhaltung, um auf effiziente Weise Jahreszahlen und zukunftsorientierte Daten zu erhalten. Unsere T\u00e4tigkeiten FinanzbuchhaltungDie Buchhaltung bildet die...","protected":false},"author":1,"featured_media":550,"parent":739,"menu_order":0,"comment_status":"closed","ping_status":"closed","template":"","meta":{"_acf_changed":false,"footnotes":""},"class_list":["post-744","page","type-page","status-publish","has-post-thumbnail","hentry"],"acf":[],"yoast_head":"<!-- This site is optimized with the Yoast SEO plugin v27.1.1 - https:\/\/yoast.com\/product\/yoast-seo-wordpress\/ -->\n<title>Pr\u00fcfung und Sicherung - BPV<\/title>\n<meta name=\"robots\" content=\"index, follow, max-snippet:-1, max-image-preview:large, max-video-preview:-1\" \/>\n<link rel=\"canonical\" href=\"https:\/\/bpvaccountants.nl\/de\/dienstleistungen\/pruefung-und-sicherung\/\" \/>\n<meta property=\"og:locale\" content=\"de_DE\" \/>\n<meta property=\"og:type\" content=\"article\" \/>\n<meta property=\"og:title\" content=\"Pr\u00fcfung und Sicherung - BPV\" \/>\n<meta property=\"og:url\" content=\"https:\/\/bpvaccountants.nl\/de\/dienstleistungen\/pruefung-und-sicherung\/\" \/>\n<meta property=\"og:site_name\" content=\"BPV\" \/>\n<meta property=\"article:modified_time\" content=\"2024-01-04T09:29:36+00:00\" \/>\n<meta property=\"og:image\" content=\"https:\/\/bpvaccountants.nl\/wp-content\/uploads\/2023\/12\/BPV_Roermond-web-8.jpg\" \/>\n\t<meta property=\"og:image:width\" content=\"2200\" \/>\n\t<meta property=\"og:image:height\" content=\"1467\" \/>\n\t<meta property=\"og:image:type\" content=\"image\/jpeg\" \/>\n<meta name=\"twitter:card\" content=\"summary_large_image\" \/>\n<meta name=\"twitter:label1\" content=\"Gesch\u00e4tzte Lesezeit\" \/>\n\t<meta name=\"twitter:data1\" content=\"2\u00a0Minuten\" \/>\n<script type=\"application\/ld+json\" class=\"yoast-schema-graph\">{\"@context\":\"https:\/\/schema.org\",\"@graph\":[{\"@type\":\"WebPage\",\"@id\":\"https:\/\/bpvaccountants.nl\/de\/dienstleistungen\/pruefung-und-sicherung\/\",\"url\":\"https:\/\/bpvaccountants.nl\/de\/dienstleistungen\/pruefung-und-sicherung\/\",\"name\":\"Pr\u00fcfung und Sicherung - BPV\",\"isPartOf\":{\"@id\":\"https:\/\/bpvaccountants.nl\/de\/#website\"},\"primaryImageOfPage\":{\"@id\":\"https:\/\/bpvaccountants.nl\/de\/dienstleistungen\/pruefung-und-sicherung\/#primaryimage\"},\"image\":{\"@id\":\"https:\/\/bpvaccountants.nl\/de\/dienstleistungen\/pruefung-und-sicherung\/#primaryimage\"},\"thumbnailUrl\":\"https:\/\/bpvaccountants.nl\/wp-content\/uploads\/2023\/12\/BPV_Roermond-web-8.jpg\",\"datePublished\":\"2023-06-06T13:25:47+00:00\",\"dateModified\":\"2024-01-04T09:29:36+00:00\",\"breadcrumb\":{\"@id\":\"https:\/\/bpvaccountants.nl\/de\/dienstleistungen\/pruefung-und-sicherung\/#breadcrumb\"},\"inLanguage\":\"de\",\"potentialAction\":[{\"@type\":\"ReadAction\",\"target\":[\"https:\/\/bpvaccountants.nl\/de\/dienstleistungen\/pruefung-und-sicherung\/\"]}]},{\"@type\":\"ImageObject\",\"inLanguage\":\"de\",\"@id\":\"https:\/\/bpvaccountants.nl\/de\/dienstleistungen\/pruefung-und-sicherung\/#primaryimage\",\"url\":\"https:\/\/bpvaccountants.nl\/wp-content\/uploads\/2023\/12\/BPV_Roermond-web-8.jpg\",\"contentUrl\":\"https:\/\/bpvaccountants.nl\/wp-content\/uploads\/2023\/12\/BPV_Roermond-web-8.jpg\",\"width\":2200,\"height\":1467},{\"@type\":\"BreadcrumbList\",\"@id\":\"https:\/\/bpvaccountants.nl\/de\/dienstleistungen\/pruefung-und-sicherung\/#breadcrumb\",\"itemListElement\":[{\"@type\":\"ListItem\",\"position\":1,\"name\":\"Home\",\"item\":\"https:\/\/bpvaccountants.nl\/de\/\"},{\"@type\":\"ListItem\",\"position\":2,\"name\":\"Dienstleistungen\",\"item\":\"https:\/\/bpvaccountants.nl\/de\/dienstleistungen\/\"},{\"@type\":\"ListItem\",\"position\":3,\"name\":\"Pr\u00fcfung und Sicherung\"}]},{\"@type\":\"WebSite\",\"@id\":\"https:\/\/bpvaccountants.nl\/de\/#website\",\"url\":\"https:\/\/bpvaccountants.nl\/de\/\",\"name\":\"BPV\",\"description\":\"Wij zien gewoon meer\",\"potentialAction\":[{\"@type\":\"SearchAction\",\"target\":{\"@type\":\"EntryPoint\",\"urlTemplate\":\"https:\/\/bpvaccountants.nl\/de\/?s={search_term_string}\"},\"query-input\":{\"@type\":\"PropertyValueSpecification\",\"valueRequired\":true,\"valueName\":\"search_term_string\"}}],\"inLanguage\":\"de\"}]}<\/script>\n<!-- \/ Yoast SEO plugin. -->","yoast_head_json":{"title":"Pr\u00fcfung und Sicherung - BPV","robots":{"index":"index","follow":"follow","max-snippet":"max-snippet:-1","max-image-preview":"max-image-preview:large","max-video-preview":"max-video-preview:-1"},"canonical":"https:\/\/bpvaccountants.nl\/de\/dienstleistungen\/pruefung-und-sicherung\/","og_locale":"de_DE","og_type":"article","og_title":"Pr\u00fcfung und Sicherung - BPV","og_url":"https:\/\/bpvaccountants.nl\/de\/dienstleistungen\/pruefung-und-sicherung\/","og_site_name":"BPV","article_modified_time":"2024-01-04T09:29:36+00:00","og_image":[{"width":2200,"height":1467,"url":"https:\/\/bpvaccountants.nl\/wp-content\/uploads\/2023\/12\/BPV_Roermond-web-8.jpg","type":"image\/jpeg"}],"twitter_card":"summary_large_image","twitter_misc":{"Gesch\u00e4tzte Lesezeit":"2\u00a0Minuten"},"schema":{"@context":"https:\/\/schema.org","@graph":[{"@type":"WebPage","@id":"https:\/\/bpvaccountants.nl\/de\/dienstleistungen\/pruefung-und-sicherung\/","url":"https:\/\/bpvaccountants.nl\/de\/dienstleistungen\/pruefung-und-sicherung\/","name":"Pr\u00fcfung und Sicherung - BPV","isPartOf":{"@id":"https:\/\/bpvaccountants.nl\/de\/#website"},"primaryImageOfPage":{"@id":"https:\/\/bpvaccountants.nl\/de\/dienstleistungen\/pruefung-und-sicherung\/#primaryimage"},"image":{"@id":"https:\/\/bpvaccountants.nl\/de\/dienstleistungen\/pruefung-und-sicherung\/#primaryimage"},"thumbnailUrl":"https:\/\/bpvaccountants.nl\/wp-content\/uploads\/2023\/12\/BPV_Roermond-web-8.jpg","datePublished":"2023-06-06T13:25:47+00:00","dateModified":"2024-01-04T09:29:36+00:00","breadcrumb":{"@id":"https:\/\/bpvaccountants.nl\/de\/dienstleistungen\/pruefung-und-sicherung\/#breadcrumb"},"inLanguage":"de","potentialAction":[{"@type":"ReadAction","target":["https:\/\/bpvaccountants.nl\/de\/dienstleistungen\/pruefung-und-sicherung\/"]}]},{"@type":"ImageObject","inLanguage":"de","@id":"https:\/\/bpvaccountants.nl\/de\/dienstleistungen\/pruefung-und-sicherung\/#primaryimage","url":"https:\/\/bpvaccountants.nl\/wp-content\/uploads\/2023\/12\/BPV_Roermond-web-8.jpg","contentUrl":"https:\/\/bpvaccountants.nl\/wp-content\/uploads\/2023\/12\/BPV_Roermond-web-8.jpg","width":2200,"height":1467},{"@type":"BreadcrumbList","@id":"https:\/\/bpvaccountants.nl\/de\/dienstleistungen\/pruefung-und-sicherung\/#breadcrumb","itemListElement":[{"@type":"ListItem","position":1,"name":"Home","item":"https:\/\/bpvaccountants.nl\/de\/"},{"@type":"ListItem","position":2,"name":"Dienstleistungen","item":"https:\/\/bpvaccountants.nl\/de\/dienstleistungen\/"},{"@type":"ListItem","position":3,"name":"Pr\u00fcfung und Sicherung"}]},{"@type":"WebSite","@id":"https:\/\/bpvaccountants.nl\/de\/#website","url":"https:\/\/bpvaccountants.nl\/de\/","name":"BPV","description":"Wij zien gewoon meer","potentialAction":[{"@type":"SearchAction","target":{"@type":"EntryPoint","urlTemplate":"https:\/\/bpvaccountants.nl\/de\/?s={search_term_string}"},"query-input":{"@type":"PropertyValueSpecification","valueRequired":true,"valueName":"search_term_string"}}],"inLanguage":"de"}]}},"_links":{"self":[{"href":"https:\/\/bpvaccountants.nl\/de\/wp-json\/wp\/v2\/pages\/744","targetHints":{"allow":["GET"]}}],"collection":[{"href":"https:\/\/bpvaccountants.nl\/de\/wp-json\/wp\/v2\/pages"}],"about":[{"href":"https:\/\/bpvaccountants.nl\/de\/wp-json\/wp\/v2\/types\/page"}],"author":[{"embeddable":true,"href":"https:\/\/bpvaccountants.nl\/de\/wp-json\/wp\/v2\/users\/1"}],"replies":[{"embeddable":true,"href":"https:\/\/bpvaccountants.nl\/de\/wp-json\/wp\/v2\/comments?post=744"}],"version-history":[{"count":1,"href":"https:\/\/bpvaccountants.nl\/de\/wp-json\/wp\/v2\/pages\/744\/revisions"}],"predecessor-version":[{"id":745,"href":"https:\/\/bpvaccountants.nl\/de\/wp-json\/wp\/v2\/pages\/744\/revisions\/745"}],"up":[{"embeddable":true,"href":"https:\/\/bpvaccountants.nl\/de\/wp-json\/wp\/v2\/pages\/739"}],"wp:featuredmedia":[{"embeddable":true,"href":"https:\/\/bpvaccountants.nl\/de\/wp-json\/wp\/v2\/media\/550"}],"wp:attachment":[{"href":"https:\/\/bpvaccountants.nl\/de\/wp-json\/wp\/v2\/media?parent=744"}],"curies":[{"name":"wp","href":"https:\/\/api.w.org\/{rel}","templated":true}]}}