{"id":739,"date":"2023-06-06T13:25:10","date_gmt":"2023-06-06T13:25:10","guid":{"rendered":"https:\/\/bpvaccountants.nl\/?page_id=739"},"modified":"2024-01-04T09:32:01","modified_gmt":"2024-01-04T09:32:01","slug":"dienstleistungen","status":"publish","type":"page","link":"https:\/\/bpvaccountants.nl\/de\/dienstleistungen\/","title":{"rendered":"Dienstleistungen"},"content":{"rendered":"<section class=\"l-section wpb_row us_custom_7b96eed8 mc--services-intro height_medium with_img\"><div class=\"l-section-img\" role=\"img\" aria-label=\"Bild\" data-img-width=\"\" data-img-height=\"\" style=\"background-image: url(https:\/\/bpvaccountants.nl\/wp-content\/uploads\/2023\/06\/stijlelement-5.svg);background-position: top left;background-repeat: no-repeat;\"><\/div><div class=\"l-section-h i-cf\"><div class=\"g-cols vc_row via_grid cols_1-4-1 laptops-cols_inherit tablets-cols_inherit mobiles-cols_1 valign_top type_default stacking_default\"><div class=\"wpb_column vc_column_container\"><div class=\"vc_column-inner\"><\/div><\/div><div class=\"wpb_column vc_column_container\"><div class=\"vc_column-inner\"><div class=\"wpb_text_column mc--transform-services-text\"><div class=\"wpb_wrapper\"><h1 style=\"text-align: left;\">Dienstleistungen<\/h1>\n<\/div><\/div><div class=\"wpb_text_column mc--bigger-intro-text\"><div class=\"wpb_wrapper\"><p>Gemeinsam schaffen wir eine solide finanzielle Grundlage f\u00fcr Ihr Unternehmen.<\/p>\n<\/div><\/div><\/div><\/div><div class=\"wpb_column vc_column_container\"><div class=\"vc_column-inner\"><\/div><\/div><\/div><\/div><\/section><section class=\"l-section wpb_row mc--service-row height_auto\"><div class=\"l-section-h i-cf\"><div class=\"g-cols vc_row via_grid cols_1-2 laptops-cols_inherit tablets-cols_inherit mobiles-cols_1 valign_middle type_default stacking_default\"><div class=\"wpb_column vc_column_container\"><div class=\"vc_column-inner\"><div class=\"w-image us_custom_945bccf6 mc--service-image left has_ratio align_none\"><div class=\"w-image-h\"><div style=\"padding-bottom:100%\"><\/div><img decoding=\"async\" width=\"1024\" height=\"683\" src=\"https:\/\/bpvaccountants.nl\/wp-content\/uploads\/2023\/12\/BPV_Roermond-web-5-1024x683.jpg\" class=\"attachment-large size-large\" alt=\"\" loading=\"lazy\" \/><\/div><\/div><\/div><\/div><div class=\"wpb_column vc_column_container\"><div class=\"vc_column-inner\"><div class=\"w-vwrapper us_custom_9f3be0a2 mc--service-card-right align_none valign_top\"><div class=\"wpb_text_column\"><div class=\"wpb_wrapper\"><h3 class=\"p1\"><b>Wirtschaftspr\u00fcfung<\/b><\/h3>\n<\/div><\/div><div class=\"wpb_text_column\"><div class=\"wpb_wrapper\"><p>BPV Accountants ist sich bewusst, dass Wirtschaftspr\u00fcfung aus mehr als nur Zahlen besteht. Wir k\u00fcmmern uns nicht nur um Ihre Finanzbuchhaltung, sondern analysieren auch die Chancen, die sich Ihrem Unternehmen bieten. Wir beraten Sie bei der Gestaltung Ihrer Buchhaltung, um auf effiziente Weise Jahreszahlen und zukunftsorientierte Daten zu erhalten.<\/p>\n<\/div><\/div><div class=\"w-btn-wrapper align_none\"><a class=\"w-btn us-btn-style_2\" title=\"Accountancy\" href=\"\/de\/dienstleistungen\/wirtschaftspruefung\/ \"><span class=\"w-btn-label\">Optionen anzeigen<\/span><\/a><\/div><\/div><\/div><\/div><\/div><\/div><\/section><section class=\"l-section wpb_row mc--service-row height_auto\"><div class=\"l-section-h i-cf\"><div class=\"g-cols vc_row via_grid cols_2-1 laptops-cols_inherit tablets-cols_inherit mobiles-cols_1 valign_middle type_default reversed stacking_default\"><div class=\"wpb_column vc_column_container\"><div class=\"vc_column-inner\"><div class=\"w-vwrapper us_custom_9f3be0a2 mc--service-card-left align_none valign_top\"><div class=\"wpb_text_column\"><div class=\"wpb_wrapper\"><h3><strong>Pr\u00fcfung und Sicherung<\/strong><\/h3>\n<\/div><\/div><div class=\"wpb_text_column\"><div class=\"wpb_wrapper\"><p>Unser Pr\u00fcfungs- und Sicherungsservice bietet Ihnen zuverl\u00e4ssige gesetzliche und freiwillige Jahresabschlusspr\u00fcfungen sowie weitere Sicherungsdienstleistungen f\u00fcr gro\u00dfe und mittelgro\u00dfe KMU.<\/p>\n<\/div><\/div><div class=\"w-btn-wrapper align_none\"><a class=\"w-btn us-btn-style_2\" title=\"Belastingen\" href=\"\/de\/dienstleistungen\/pruefung-und-sicherung\/\"><span class=\"w-btn-label\">Optionen anzeigen<\/span><\/a><\/div><\/div><\/div><\/div><div class=\"wpb_column vc_column_container\"><div class=\"vc_column-inner\"><div class=\"w-image us_custom_945bccf6 mc--service-image right has_ratio align_none\"><div class=\"w-image-h\"><div style=\"padding-bottom:100%\"><\/div><img decoding=\"async\" width=\"1024\" height=\"683\" src=\"https:\/\/bpvaccountants.nl\/wp-content\/uploads\/2023\/12\/BPV_Roermond-web-8-1024x683.jpg\" class=\"attachment-large size-large\" alt=\"\" loading=\"lazy\" \/><\/div><\/div><\/div><\/div><\/div><\/div><\/section><section class=\"l-section wpb_row mc--service-row height_auto\"><div class=\"l-section-h i-cf\"><div class=\"g-cols vc_row via_grid cols_1-2 laptops-cols_inherit tablets-cols_inherit mobiles-cols_1 valign_middle type_default stacking_default\"><div class=\"wpb_column vc_column_container\"><div class=\"vc_column-inner\"><div class=\"w-image us_custom_945bccf6 mc--service-image left has_ratio align_none\"><div class=\"w-image-h\"><div style=\"padding-bottom:100%\"><\/div><img decoding=\"async\" width=\"1024\" height=\"683\" src=\"https:\/\/bpvaccountants.nl\/wp-content\/uploads\/2023\/12\/BPV_Roermond-web-10-1024x683.jpg\" class=\"attachment-large size-large\" alt=\"\" loading=\"lazy\" \/><\/div><\/div><\/div><\/div><div class=\"wpb_column vc_column_container\"><div class=\"vc_column-inner\"><div class=\"w-vwrapper us_custom_9f3be0a2 mc--service-card-right align_none valign_top\"><div class=\"wpb_text_column\"><div class=\"wpb_wrapper\"><h3><strong>Steuer- und Finanzberatung<\/strong><\/h3>\n<\/div><\/div><div class=\"wpb_text_column\"><div class=\"wpb_wrapper\"><p>BPV bietet individuelle Steuer- und Finanzberatung, um optimale L\u00f6sungen f\u00fcr Sie, Ihr Unternehmen und Ihre Besch\u00e4ftigten zu finden. Wir verschaffen Ihnen eindeutige Erkenntnisse \u00fcber Ihre aktuelle und zuk\u00fcnftige Steuer- und Finanzlage. Diese Erkenntnisse bieten Ihnen die M\u00f6glichkeit, angemessen auf aktuelle Ereignisse zu reagieren, auch wenn sich pl\u00f6tzlich Ver\u00e4nderungen ergeben.<\/p>\n<\/div><\/div><div class=\"w-btn-wrapper align_none\"><a class=\"w-btn us-btn-style_2\" title=\"Advies\" href=\"\/de\/dienstleistungen\/steuer-und-finanzberatung\/ \"><span class=\"w-btn-label\">Optionen anzeigen<\/span><\/a><\/div><\/div><\/div><\/div><\/div><\/div><\/section><section class=\"l-section wpb_row height_small\"><div class=\"l-section-h i-cf\"><div class=\"g-cols vc_row via_grid cols_1 laptops-cols_inherit tablets-cols_inherit mobiles-cols_1 valign_top type_default stacking_default\"><div class=\"wpb_column vc_column_container\"><div class=\"vc_column-inner\"><\/div><\/div><\/div><\/div><\/section>\n","protected":false},"excerpt":{"rendered":"Dienstleistungen Gemeinsam schaffen wir eine solide finanzielle Grundlage f\u00fcr Ihr Unternehmen. Wirtschaftspr\u00fcfung BPV Accountants ist sich bewusst, dass Wirtschaftspr\u00fcfung aus mehr als nur Zahlen besteht. Wir k\u00fcmmern uns nicht nur um Ihre Finanzbuchhaltung, sondern analysieren auch die Chancen, die sich Ihrem Unternehmen bieten. Wir beraten Sie bei der Gestaltung Ihrer Buchhaltung, um auf effiziente Weise...","protected":false},"author":1,"featured_media":0,"parent":0,"menu_order":0,"comment_status":"closed","ping_status":"closed","template":"","meta":{"_acf_changed":false,"footnotes":""},"class_list":["post-739","page","type-page","status-publish","hentry"],"acf":[],"yoast_head":"<!-- This site is optimized with the Yoast SEO plugin v27.1.1 - https:\/\/yoast.com\/product\/yoast-seo-wordpress\/ -->\n<title>Dienstleistungen - BPV<\/title>\n<meta name=\"robots\" content=\"index, follow, max-snippet:-1, max-image-preview:large, max-video-preview:-1\" \/>\n<link rel=\"canonical\" href=\"https:\/\/bpvaccountants.nl\/de\/dienstleistungen\/\" \/>\n<meta property=\"og:locale\" content=\"de_DE\" \/>\n<meta property=\"og:type\" content=\"article\" \/>\n<meta property=\"og:title\" content=\"Dienstleistungen - BPV\" \/>\n<meta property=\"og:url\" content=\"https:\/\/bpvaccountants.nl\/de\/dienstleistungen\/\" \/>\n<meta property=\"og:site_name\" content=\"BPV\" \/>\n<meta property=\"article:modified_time\" content=\"2024-01-04T09:32:01+00:00\" \/>\n<meta name=\"twitter:card\" content=\"summary_large_image\" \/>\n<meta name=\"twitter:label1\" content=\"Gesch\u00e4tzte Lesezeit\" \/>\n\t<meta name=\"twitter:data1\" content=\"2\u00a0Minuten\" \/>\n<script type=\"application\/ld+json\" class=\"yoast-schema-graph\">{\"@context\":\"https:\/\/schema.org\",\"@graph\":[{\"@type\":\"WebPage\",\"@id\":\"https:\/\/bpvaccountants.nl\/de\/dienstleistungen\/\",\"url\":\"https:\/\/bpvaccountants.nl\/de\/dienstleistungen\/\",\"name\":\"Dienstleistungen - BPV\",\"isPartOf\":{\"@id\":\"https:\/\/bpvaccountants.nl\/de\/#website\"},\"datePublished\":\"2023-06-06T13:25:10+00:00\",\"dateModified\":\"2024-01-04T09:32:01+00:00\",\"breadcrumb\":{\"@id\":\"https:\/\/bpvaccountants.nl\/de\/dienstleistungen\/#breadcrumb\"},\"inLanguage\":\"de\",\"potentialAction\":[{\"@type\":\"ReadAction\",\"target\":[\"https:\/\/bpvaccountants.nl\/de\/dienstleistungen\/\"]}]},{\"@type\":\"BreadcrumbList\",\"@id\":\"https:\/\/bpvaccountants.nl\/de\/dienstleistungen\/#breadcrumb\",\"itemListElement\":[{\"@type\":\"ListItem\",\"position\":1,\"name\":\"Home\",\"item\":\"https:\/\/bpvaccountants.nl\/de\/\"},{\"@type\":\"ListItem\",\"position\":2,\"name\":\"Dienstleistungen\"}]},{\"@type\":\"WebSite\",\"@id\":\"https:\/\/bpvaccountants.nl\/de\/#website\",\"url\":\"https:\/\/bpvaccountants.nl\/de\/\",\"name\":\"BPV\",\"description\":\"Wij zien gewoon meer\",\"potentialAction\":[{\"@type\":\"SearchAction\",\"target\":{\"@type\":\"EntryPoint\",\"urlTemplate\":\"https:\/\/bpvaccountants.nl\/de\/?s={search_term_string}\"},\"query-input\":{\"@type\":\"PropertyValueSpecification\",\"valueRequired\":true,\"valueName\":\"search_term_string\"}}],\"inLanguage\":\"de\"}]}<\/script>\n<!-- \/ Yoast SEO plugin. -->","yoast_head_json":{"title":"Dienstleistungen - BPV","robots":{"index":"index","follow":"follow","max-snippet":"max-snippet:-1","max-image-preview":"max-image-preview:large","max-video-preview":"max-video-preview:-1"},"canonical":"https:\/\/bpvaccountants.nl\/de\/dienstleistungen\/","og_locale":"de_DE","og_type":"article","og_title":"Dienstleistungen - BPV","og_url":"https:\/\/bpvaccountants.nl\/de\/dienstleistungen\/","og_site_name":"BPV","article_modified_time":"2024-01-04T09:32:01+00:00","twitter_card":"summary_large_image","twitter_misc":{"Gesch\u00e4tzte Lesezeit":"2\u00a0Minuten"},"schema":{"@context":"https:\/\/schema.org","@graph":[{"@type":"WebPage","@id":"https:\/\/bpvaccountants.nl\/de\/dienstleistungen\/","url":"https:\/\/bpvaccountants.nl\/de\/dienstleistungen\/","name":"Dienstleistungen - BPV","isPartOf":{"@id":"https:\/\/bpvaccountants.nl\/de\/#website"},"datePublished":"2023-06-06T13:25:10+00:00","dateModified":"2024-01-04T09:32:01+00:00","breadcrumb":{"@id":"https:\/\/bpvaccountants.nl\/de\/dienstleistungen\/#breadcrumb"},"inLanguage":"de","potentialAction":[{"@type":"ReadAction","target":["https:\/\/bpvaccountants.nl\/de\/dienstleistungen\/"]}]},{"@type":"BreadcrumbList","@id":"https:\/\/bpvaccountants.nl\/de\/dienstleistungen\/#breadcrumb","itemListElement":[{"@type":"ListItem","position":1,"name":"Home","item":"https:\/\/bpvaccountants.nl\/de\/"},{"@type":"ListItem","position":2,"name":"Dienstleistungen"}]},{"@type":"WebSite","@id":"https:\/\/bpvaccountants.nl\/de\/#website","url":"https:\/\/bpvaccountants.nl\/de\/","name":"BPV","description":"Wij zien gewoon meer","potentialAction":[{"@type":"SearchAction","target":{"@type":"EntryPoint","urlTemplate":"https:\/\/bpvaccountants.nl\/de\/?s={search_term_string}"},"query-input":{"@type":"PropertyValueSpecification","valueRequired":true,"valueName":"search_term_string"}}],"inLanguage":"de"}]}},"_links":{"self":[{"href":"https:\/\/bpvaccountants.nl\/de\/wp-json\/wp\/v2\/pages\/739","targetHints":{"allow":["GET"]}}],"collection":[{"href":"https:\/\/bpvaccountants.nl\/de\/wp-json\/wp\/v2\/pages"}],"about":[{"href":"https:\/\/bpvaccountants.nl\/de\/wp-json\/wp\/v2\/types\/page"}],"author":[{"embeddable":true,"href":"https:\/\/bpvaccountants.nl\/de\/wp-json\/wp\/v2\/users\/1"}],"replies":[{"embeddable":true,"href":"https:\/\/bpvaccountants.nl\/de\/wp-json\/wp\/v2\/comments?post=739"}],"version-history":[{"count":4,"href":"https:\/\/bpvaccountants.nl\/de\/wp-json\/wp\/v2\/pages\/739\/revisions"}],"predecessor-version":[{"id":749,"href":"https:\/\/bpvaccountants.nl\/de\/wp-json\/wp\/v2\/pages\/739\/revisions\/749"}],"wp:attachment":[{"href":"https:\/\/bpvaccountants.nl\/de\/wp-json\/wp\/v2\/media?parent=739"}],"curies":[{"name":"wp","href":"https:\/\/api.w.org\/{rel}","templated":true}]}}